{"id":70410,"date":"2024-08-04T15:05:25","date_gmt":"2024-08-04T13:05:25","guid":{"rendered":"https:\/\/pro-body.com\/pl\/?post_type=product&#038;p=70410"},"modified":"2025-02-10T08:11:40","modified_gmt":"2025-02-10T07:11:40","slug":"sulbutiamine-400mg-60-kapsulek","status":"publish","type":"product","link":"https:\/\/pro-body.com\/pl\/produkt\/sulbutiamine-400mg-60-kapsulek\/","title":{"rendered":"Sulbutiamine 400 mg 60 kapsu\u0142ek"},"content":{"rendered":"<h1><b>Sulbutiamina 400 mg &#8211; suplement nootropowy<\/b><\/h1>\n<p><b>Sulbutiamina, syntetyczna pochodna tiaminy (witaminy B1)<\/b><span style=\"font-weight: 400;\">, zyska\u0142a uwag\u0119 ze wzgl\u0119du na swoje potencjalne korzy\u015bci dla zdrowia psychicznego i fizycznego. Pocz\u0105tkowo opracowana w Japonii w celu zwalczania niedoboru tiaminy, Sulbutiamina sta\u0142a si\u0119 popularnym suplementem wspomagaj\u0105cym funkcje poznawcze, poziom energii i og\u00f3lne samopoczucie. Nasz produkt oferuje wysokiej jako\u015bci suplement diety o silnym potencjale nootropowym. Sprawd\u017a, dlaczego warto wykorzysta\u0107 jej potencja\u0142 i ciesz si\u0119 z maksymalizacji funkcji poznawczych.\u00a0<\/span><\/p>\n","protected":false},"excerpt":{"rendered":"<p>Sulbutiamina 400 mg &#8211; suplement nootropowy Sulbutiamina, syntetyczna pochodna tiaminy (witaminy B1), zyska\u0142a uwag\u0119 ze wzgl\u0119du na swoje potencjalne korzy\u015bci dla zdrowia psychicznego i fizycznego. Pocz\u0105tkowo opracowana w Japonii w celu zwalczania niedoboru tiaminy, Sulbutiamina sta\u0142a si\u0119 popularnym suplementem wspomagaj\u0105cym funkcje poznawcze, poziom energii i og\u00f3lne samopoczucie. Nasz produkt oferuje wysokiej jako\u015bci suplement diety o &hellip;<\/p>\n<p class=\"read-more\"> <a class=\"\" href=\"https:\/\/pro-body.com\/pl\/produkt\/sulbutiamine-400mg-60-kapsulek\/\"> <span class=\"screen-reader-text\">Sulbutiamine 400 mg 60 kapsu\u0142ek<\/span> Read More &raquo;<\/a><\/p>\n","protected":false},"featured_media":70411,"comment_status":"open","ping_status":"closed","template":"","meta":{"_acf_changed":false,"site-sidebar-layout":"default","site-content-layout":"","ast-site-content-layout":"default","site-content-style":"default","site-sidebar-style":"default","ast-global-header-display":"","ast-banner-title-visibility":"","ast-main-header-display":"","ast-hfb-above-header-display":"","ast-hfb-below-header-display":"","ast-hfb-mobile-header-display":"","site-post-title":"","ast-breadcrumbs-content":"","ast-featured-img":"","footer-sml-layout":"","theme-transparent-header-meta":"default","adv-header-id-meta":"","stick-header-meta":"","header-above-stick-meta":"","header-main-stick-meta":"","header-below-stick-meta":"","astra-migrate-meta-layouts":"set"},"product_brand":[],"product_cat":[15,119,117,66],"product_tag":[],"class_list":{"0":"post-70410","1":"product","2":"type-product","3":"status-publish","4":"has-post-thumbnail","6":"product_cat-bez-kategorii","7":"product_cat-kapsulki","8":"product_cat-nowosc","9":"product_cat-suplementy","10":"desktop-align-center","11":"tablet-align-left","12":"mobile-align-left","14":"first","15":"instock","16":"sale","17":"taxable","18":"shipping-taxable","19":"purchasable","20":"product-type-simple"},"acf":[],"aioseo_notices":[],"_links":{"self":[{"href":"https:\/\/pro-body.com\/pl\/wp-json\/wp\/v2\/product\/70410","targetHints":{"allow":["GET"]}}],"collection":[{"href":"https:\/\/pro-body.com\/pl\/wp-json\/wp\/v2\/product"}],"about":[{"href":"https:\/\/pro-body.com\/pl\/wp-json\/wp\/v2\/types\/product"}],"replies":[{"embeddable":true,"href":"https:\/\/pro-body.com\/pl\/wp-json\/wp\/v2\/comments?post=70410"}],"wp:featuredmedia":[{"embeddable":true,"href":"https:\/\/pro-body.com\/pl\/wp-json\/wp\/v2\/media\/70411"}],"wp:attachment":[{"href":"https:\/\/pro-body.com\/pl\/wp-json\/wp\/v2\/media?parent=70410"}],"wp:term":[{"taxonomy":"product_brand","embeddable":true,"href":"https:\/\/pro-body.com\/pl\/wp-json\/wp\/v2\/product_brand?post=70410"},{"taxonomy":"product_cat","embeddable":true,"href":"https:\/\/pro-body.com\/pl\/wp-json\/wp\/v2\/product_cat?post=70410"},{"taxonomy":"product_tag","embeddable":true,"href":"https:\/\/pro-body.com\/pl\/wp-json\/wp\/v2\/product_tag?post=70410"}],"curies":[{"name":"wp","href":"https:\/\/api.w.org\/{rel}","templated":true}]}}