{"id":70808,"date":"2024-08-12T07:38:52","date_gmt":"2024-08-12T05:38:52","guid":{"rendered":"https:\/\/pro-body.com\/pl\/?post_type=product&#038;p=70808"},"modified":"2024-08-19T07:57:09","modified_gmt":"2024-08-19T05:57:09","slug":"sr-9011-10-mg-60-kapsulek","status":"publish","type":"product","link":"https:\/\/pro-body.com\/pl\/produkt\/sr-9011-10-mg-60-kapsulek\/","title":{"rendered":"SR-9011 10 mg 60 kapsu\u0142ek"},"content":{"rendered":"<h1><strong>SR-9011 10 mg 60 kapsu\u0142ek &#8211; szybsze odchudzanie<\/strong><\/h1>\n<p><span style=\"font-weight: 400;\"><strong>SR-9011<\/strong> to syntetyczny zwi\u0105zek stworzony w celu oddzia\u0142ywania na bia\u0142ko Rev-Erb w organizmie. Rev-Erb to receptor j\u0105drowy zaanga\u017cowany w regulacj\u0119 r\u00f3\u017cnych proces\u00f3w fizjologicznych, takich jak rytmy oko\u0142odobowe, metabolizm lipid\u00f3w i homeostaza glukozy. Poprzez aktywacj\u0119 tego receptora, SR-9011 ma potencja\u0142 wp\u0142ywania na te procesy, co czyni go obiecuj\u0105cym kandydatem do poprawy wydolno\u015bci fizycznej i wspomagania odchudzanie.<\/span><\/p>\n<p><span style=\"font-weight: 400;\"><strong>SR-9011 nale\u017cy do klasy substancji znanych jako agoni\u015bci Rev-Erb<\/strong>, kt\u00f3re by\u0142y badane pod k\u0105tem ich zdolno\u015bci do modulowania proces\u00f3w metabolicznych bez konieczno\u015bci wykonywania \u0107wicze\u0144 fizycznych. Potocznie nazywany jest SARM, jednak klasyfikacja ta wynika jedynie z podzia\u0142u kategorii sklepowych ni\u017c typowego dzia\u0142ania substancji aktywnej. Ta unikalna w\u0142a\u015bciwo\u015b\u0107 sprawia, \u017ce SR-9011 jest rozwa\u017cany jako potencjalne wsparcie w walce z oty\u0142o\u015bci\u0105, zespo\u0142em metabolicznym oraz innymi schorzeniami zwi\u0105zanymi z zaburzeniami funkcji metabolicznych.<\/span><\/p>\n","protected":false},"excerpt":{"rendered":"<p>SR-9011 10 mg 60 kapsu\u0142ek &#8211; szybsze odchudzanie SR-9011 to syntetyczny zwi\u0105zek stworzony w celu oddzia\u0142ywania na bia\u0142ko Rev-Erb w organizmie. Rev-Erb to receptor j\u0105drowy zaanga\u017cowany w regulacj\u0119 r\u00f3\u017cnych proces\u00f3w fizjologicznych, takich jak rytmy oko\u0142odobowe, metabolizm lipid\u00f3w i homeostaza glukozy. Poprzez aktywacj\u0119 tego receptora, SR-9011 ma potencja\u0142 wp\u0142ywania na te procesy, co czyni go obiecuj\u0105cym &hellip;<\/p>\n<p class=\"read-more\"> <a class=\"\" href=\"https:\/\/pro-body.com\/pl\/produkt\/sr-9011-10-mg-60-kapsulek\/\"> <span class=\"screen-reader-text\">SR-9011 10 mg 60 kapsu\u0142ek<\/span> Read More &raquo;<\/a><\/p>\n","protected":false},"featured_media":70643,"comment_status":"open","ping_status":"closed","template":"","meta":{"_acf_changed":false,"site-sidebar-layout":"default","site-content-layout":"","ast-site-content-layout":"default","site-content-style":"default","site-sidebar-style":"default","ast-global-header-display":"","ast-banner-title-visibility":"","ast-main-header-display":"","ast-hfb-above-header-display":"","ast-hfb-below-header-display":"","ast-hfb-mobile-header-display":"","site-post-title":"","ast-breadcrumbs-content":"","ast-featured-img":"","footer-sml-layout":"","theme-transparent-header-meta":"default","adv-header-id-meta":"","stick-header-meta":"","header-above-stick-meta":"","header-main-stick-meta":"","header-below-stick-meta":"","astra-migrate-meta-layouts":"set"},"product_brand":[],"product_cat":[15,98,117,64,60,62],"product_tag":[],"class_list":{"0":"post-70808","1":"product","2":"type-product","3":"status-publish","4":"has-post-thumbnail","6":"product_cat-bez-kategorii","7":"product_cat-sarmy-w-kapsulkach","8":"product_cat-nowosc","9":"product_cat-sarm-y-na-sile","10":"product_cat-sarm","11":"product_cat-sarmy-na-spalanie-tkanki-tluszczowej","12":"desktop-align-center","13":"tablet-align-left","14":"mobile-align-left","16":"first","17":"instock","18":"sale","19":"taxable","20":"shipping-taxable","21":"purchasable","22":"product-type-simple"},"acf":[],"aioseo_notices":[],"_links":{"self":[{"href":"https:\/\/pro-body.com\/pl\/wp-json\/wp\/v2\/product\/70808","targetHints":{"allow":["GET"]}}],"collection":[{"href":"https:\/\/pro-body.com\/pl\/wp-json\/wp\/v2\/product"}],"about":[{"href":"https:\/\/pro-body.com\/pl\/wp-json\/wp\/v2\/types\/product"}],"replies":[{"embeddable":true,"href":"https:\/\/pro-body.com\/pl\/wp-json\/wp\/v2\/comments?post=70808"}],"wp:featuredmedia":[{"embeddable":true,"href":"https:\/\/pro-body.com\/pl\/wp-json\/wp\/v2\/media\/70643"}],"wp:attachment":[{"href":"https:\/\/pro-body.com\/pl\/wp-json\/wp\/v2\/media?parent=70808"}],"wp:term":[{"taxonomy":"product_brand","embeddable":true,"href":"https:\/\/pro-body.com\/pl\/wp-json\/wp\/v2\/product_brand?post=70808"},{"taxonomy":"product_cat","embeddable":true,"href":"https:\/\/pro-body.com\/pl\/wp-json\/wp\/v2\/product_cat?post=70808"},{"taxonomy":"product_tag","embeddable":true,"href":"https:\/\/pro-body.com\/pl\/wp-json\/wp\/v2\/product_tag?post=70808"}],"curies":[{"name":"wp","href":"https:\/\/api.w.org\/{rel}","templated":true}]}}