{"id":71510,"date":"2024-09-04T09:27:42","date_gmt":"2024-09-04T07:27:42","guid":{"rendered":"https:\/\/pro-body.com\/pl\/?post_type=product&#038;p=71510"},"modified":"2025-11-05T18:53:14","modified_gmt":"2025-11-05T17:53:14","slug":"semaglutide-cagrilintide-22mg","status":"publish","type":"product","link":"https:\/\/pro-body.com\/pl\/produkt\/semaglutide-cagrilintide-22mg\/","title":{"rendered":"Semaglutide + Cagrilintide 2+2mg"},"content":{"rendered":"<h1><b>Semaglutide + Cagrilintide 2+2 mg podw\u00f3jny spos\u00f3b na odchudzanie<\/b><\/h1>\n<p><span style=\"font-weight: 400;\">Semaglutide + Cagrilintide to kombinacja popularnego peptydu na odchudzanie z nowo\u015bci\u0105, kt\u00f3ra jeszcze mocniej wspiera walk\u0119 z nadwag\u0105. Ta kombinacja zyskuje na znaczeniu dzi\u0119ki swojej zdolno\u015bci do znacznej poprawy wynik\u00f3w redukcji masy cia\u0142a przy jednoczesnym minimalizowaniu dzia\u0142a\u0144 niepo\u017c\u0105danych. <strong>Po\u0142\u0105czenie dw\u00f3ch sk\u0142adnik\u00f3w to pot\u0119\u017cne kombo na redukcj\u0119 tkanki t\u0142uszczowej!\u00a0<\/strong><\/span><\/p>\n<p><span style=\"font-weight: 400;\">Po\u0142\u0105czenie Semaglutide i Cagrilintide opiera si\u0119 na zasadzie jednoczesnego ukierunkowania na wiele szlak\u00f3w zaanga\u017cowanych w regulacj\u0119 apetytu i r\u00f3wnowagi energetycznej. Podczas gdy Semaglutide g\u0142\u00f3wnie zwi\u0119ksza wydzielanie insuliny i spowalnia opr\u00f3\u017cnianie \u017co\u0142\u0105dka, Cagrilintide dodatkowo wspomaga ten proces poprzez zmniejszenie spo\u017cycia pokarmu dzi\u0119ki efektom amyliny na syto\u015b\u0107. Podej\u015bcie to adresuje z\u0142o\u017con\u0105 natur\u0119 oty\u0142o\u015bci, nie tylko zmniejszaj\u0105c kaloryczno\u015b\u0107 diety, ale tak\u017ce wzmacniaj\u0105c procesy metaboliczne sprzyjaj\u0105ce utracie masy cia\u0142a.<\/span><\/p>\n","protected":false},"excerpt":{"rendered":"<p>Semaglutide + Cagrilintide 2+2 mg podw\u00f3jny spos\u00f3b na odchudzanie Semaglutide + Cagrilintide to kombinacja popularnego peptydu na odchudzanie z nowo\u015bci\u0105, kt\u00f3ra jeszcze mocniej wspiera walk\u0119 z nadwag\u0105. Ta kombinacja zyskuje na znaczeniu dzi\u0119ki swojej zdolno\u015bci do znacznej poprawy wynik\u00f3w redukcji masy cia\u0142a przy jednoczesnym minimalizowaniu dzia\u0142a\u0144 niepo\u017c\u0105danych. Po\u0142\u0105czenie dw\u00f3ch sk\u0142adnik\u00f3w to pot\u0119\u017cne kombo na redukcj\u0119 &hellip;<\/p>\n<p class=\"read-more\"> <a class=\"\" href=\"https:\/\/pro-body.com\/pl\/produkt\/semaglutide-cagrilintide-22mg\/\"> <span class=\"screen-reader-text\">Semaglutide + Cagrilintide 2+2mg<\/span> Read More &raquo;<\/a><\/p>\n","protected":false},"featured_media":71511,"comment_status":"open","ping_status":"closed","template":"","meta":{"_acf_changed":false,"site-sidebar-layout":"default","site-content-layout":"","ast-site-content-layout":"default","site-content-style":"default","site-sidebar-style":"default","ast-global-header-display":"","ast-banner-title-visibility":"","ast-main-header-display":"","ast-hfb-above-header-display":"","ast-hfb-below-header-display":"","ast-hfb-mobile-header-display":"","site-post-title":"","ast-breadcrumbs-content":"","ast-featured-img":"","footer-sml-layout":"","theme-transparent-header-meta":"default","adv-header-id-meta":"","stick-header-meta":"","header-above-stick-meta":"","header-main-stick-meta":"","header-below-stick-meta":"","astra-migrate-meta-layouts":"set"},"product_brand":[],"product_cat":[15,96,117,47,57,65],"product_tag":[],"class_list":{"0":"post-71510","1":"product","2":"type-product","3":"status-publish","4":"has-post-thumbnail","6":"product_cat-bez-kategorii","7":"product_cat-peptydy-iniekcyjne","8":"product_cat-nowosc","9":"product_cat-peptydy","10":"product_cat-peptydy-na-spalanie-tkanki-tluszczowej","11":"product_cat-spalacze-tluszczu","12":"desktop-align-center","13":"tablet-align-left","14":"mobile-align-left","16":"first","17":"instock","18":"sale","19":"taxable","20":"shipping-taxable","21":"purchasable","22":"product-type-simple"},"acf":[],"aioseo_notices":[],"_links":{"self":[{"href":"https:\/\/pro-body.com\/pl\/wp-json\/wp\/v2\/product\/71510","targetHints":{"allow":["GET"]}}],"collection":[{"href":"https:\/\/pro-body.com\/pl\/wp-json\/wp\/v2\/product"}],"about":[{"href":"https:\/\/pro-body.com\/pl\/wp-json\/wp\/v2\/types\/product"}],"replies":[{"embeddable":true,"href":"https:\/\/pro-body.com\/pl\/wp-json\/wp\/v2\/comments?post=71510"}],"wp:featuredmedia":[{"embeddable":true,"href":"https:\/\/pro-body.com\/pl\/wp-json\/wp\/v2\/media\/71511"}],"wp:attachment":[{"href":"https:\/\/pro-body.com\/pl\/wp-json\/wp\/v2\/media?parent=71510"}],"wp:term":[{"taxonomy":"product_brand","embeddable":true,"href":"https:\/\/pro-body.com\/pl\/wp-json\/wp\/v2\/product_brand?post=71510"},{"taxonomy":"product_cat","embeddable":true,"href":"https:\/\/pro-body.com\/pl\/wp-json\/wp\/v2\/product_cat?post=71510"},{"taxonomy":"product_tag","embeddable":true,"href":"https:\/\/pro-body.com\/pl\/wp-json\/wp\/v2\/product_tag?post=71510"}],"curies":[{"name":"wp","href":"https:\/\/api.w.org\/{rel}","templated":true}]}}