{"id":71631,"date":"2024-08-25T21:13:18","date_gmt":"2024-08-25T19:13:18","guid":{"rendered":"https:\/\/pro-body.com\/pl\/?post_type=product&#038;p=71631"},"modified":"2025-10-22T12:08:45","modified_gmt":"2025-10-22T10:08:45","slug":"n-acetyl-semax-spray","status":"publish","type":"product","link":"https:\/\/pro-body.com\/pl\/produkt\/n-acetyl-semax-spray\/","title":{"rendered":"N-Acetyl Semax spray"},"content":{"rendered":"<h1><span style=\"font-weight: 400;\">N-Acetyl Semax spray &#8211; peptyd nootropowy w spreju<\/span><\/h1>\n<p><span style=\"font-weight: 400;\">N-Acetyl Semax to zaawansowany <\/span><b>peptyd nootropowy<\/b><span style=\"font-weight: 400;\">, kt\u00f3ry zdobywa coraz wi\u0119ksz\u0105 popularno\u015b\u0107 w \u015bwiecie zdrowia i optymalizacji m\u00f3zgu. Ten unikalny zwi\u0105zek, opracowany pocz\u0105tkowo w Rosji, wykazuje w\u0142a\u015bciwo\u015bci wspieraj\u0105ce popraw\u0119 funkcji poznawczych, pami\u0119ci, a tak\u017ce zwi\u0119kszenie koncentracji. W postaci <\/span><b>spreju<\/b><span style=\"font-weight: 400;\">, N-Acetyl Semax umo\u017cliwia szybkie wch\u0142anianie, co czyni go wygodnym i skutecznym \u015brodkiem dla os\u00f3b poszukuj\u0105cych natychmiastowych efekt\u00f3w.<\/span><\/p>\n","protected":false},"excerpt":{"rendered":"<p>N-Acetyl Semax spray &#8211; peptyd nootropowy w spreju N-Acetyl Semax to zaawansowany peptyd nootropowy, kt\u00f3ry zdobywa coraz wi\u0119ksz\u0105 popularno\u015b\u0107 w \u015bwiecie zdrowia i optymalizacji m\u00f3zgu. Ten unikalny zwi\u0105zek, opracowany pocz\u0105tkowo w Rosji, wykazuje w\u0142a\u015bciwo\u015bci wspieraj\u0105ce popraw\u0119 funkcji poznawczych, pami\u0119ci, a tak\u017ce zwi\u0119kszenie koncentracji. W postaci spreju, N-Acetyl Semax umo\u017cliwia szybkie wch\u0142anianie, co czyni go wygodnym &hellip;<\/p>\n<p class=\"read-more\"> <a class=\"\" href=\"https:\/\/pro-body.com\/pl\/produkt\/n-acetyl-semax-spray\/\"> <span class=\"screen-reader-text\">N-Acetyl Semax spray<\/span> Read More &raquo;<\/a><\/p>\n","protected":false},"featured_media":71632,"comment_status":"open","ping_status":"closed","template":"","meta":{"_acf_changed":false,"site-sidebar-layout":"default","site-content-layout":"","ast-site-content-layout":"default","site-content-style":"default","site-sidebar-style":"default","ast-global-header-display":"","ast-banner-title-visibility":"","ast-main-header-display":"","ast-hfb-above-header-display":"","ast-hfb-below-header-display":"","ast-hfb-mobile-header-display":"","site-post-title":"","ast-breadcrumbs-content":"","ast-featured-img":"","footer-sml-layout":"","theme-transparent-header-meta":"default","adv-header-id-meta":"","stick-header-meta":"","header-above-stick-meta":"","header-main-stick-meta":"","header-below-stick-meta":"","astra-migrate-meta-layouts":"set"},"product_brand":[],"product_cat":[15,117,47,53,46,45],"product_tag":[],"class_list":{"0":"post-71631","1":"product","2":"type-product","3":"status-publish","4":"has-post-thumbnail","6":"product_cat-bez-kategorii","7":"product_cat-nowosc","8":"product_cat-peptydy","9":"product_cat-peptydy-na-poprawe-samopoczucia","10":"product_cat-peptydy-na-prace-mozgu","11":"product_cat-peptydy-w-sprayu","12":"desktop-align-center","13":"tablet-align-left","14":"mobile-align-left","16":"first","17":"instock","18":"sale","19":"taxable","20":"shipping-taxable","21":"purchasable","22":"product-type-simple"},"acf":[],"aioseo_notices":[],"_links":{"self":[{"href":"https:\/\/pro-body.com\/pl\/wp-json\/wp\/v2\/product\/71631","targetHints":{"allow":["GET"]}}],"collection":[{"href":"https:\/\/pro-body.com\/pl\/wp-json\/wp\/v2\/product"}],"about":[{"href":"https:\/\/pro-body.com\/pl\/wp-json\/wp\/v2\/types\/product"}],"replies":[{"embeddable":true,"href":"https:\/\/pro-body.com\/pl\/wp-json\/wp\/v2\/comments?post=71631"}],"wp:featuredmedia":[{"embeddable":true,"href":"https:\/\/pro-body.com\/pl\/wp-json\/wp\/v2\/media\/71632"}],"wp:attachment":[{"href":"https:\/\/pro-body.com\/pl\/wp-json\/wp\/v2\/media?parent=71631"}],"wp:term":[{"taxonomy":"product_brand","embeddable":true,"href":"https:\/\/pro-body.com\/pl\/wp-json\/wp\/v2\/product_brand?post=71631"},{"taxonomy":"product_cat","embeddable":true,"href":"https:\/\/pro-body.com\/pl\/wp-json\/wp\/v2\/product_cat?post=71631"},{"taxonomy":"product_tag","embeddable":true,"href":"https:\/\/pro-body.com\/pl\/wp-json\/wp\/v2\/product_tag?post=71631"}],"curies":[{"name":"wp","href":"https:\/\/api.w.org\/{rel}","templated":true}]}}