{"id":71636,"date":"2024-08-27T08:04:30","date_gmt":"2024-08-27T06:04:30","guid":{"rendered":"https:\/\/pro-body.com\/pl\/?post_type=product&#038;p=71636"},"modified":"2025-11-05T18:53:29","modified_gmt":"2025-11-05T17:53:29","slug":"n-acetyl-epithalon","status":"publish","type":"product","link":"https:\/\/pro-body.com\/pl\/produkt\/n-acetyl-epithalon\/","title":{"rendered":"N-Acetyl Epithalon 10 mg"},"content":{"rendered":"<h1>Peptyd N-Acetyl Epitalon klucz do ograniczenia starzenia organizmu<\/h1>\n<p><span style=\"font-weight: 400;\">N-Acetyl Epitalon, znany r\u00f3wnie\u017c jako N-Acetyl Epitalon Amidat, jest syntetyczn\u0105 wersj\u0105 naturalnie wyst\u0119puj\u0105cego peptydu Epitalonu. Sam Epitalon jest tetrapeptydem, sk\u0142adaj\u0105cym si\u0119 z czterech aminokwas\u00f3w: alaniny, kwasu glutaminowego, kwasu asparaginowego i glicyny. Peptyd ten zosta\u0142 odkryty przez rosyjskiego naukowca, profesora W\u0142adimira Chavinsona, kt\u00f3ry bada\u0142 jego wp\u0142yw na starzenie i d\u0142ugowieczno\u015b\u0107.<\/span><\/p>\n<p><span style=\"font-weight: 400;\"><strong>Acetylacja Epitalonu (dodanie grupy acetylowej) zwi\u0119ksza jego stabilno\u015b\u0107 i biodost\u0119pno\u015b\u0107, co czyni go bardziej skutecznym w przypadku podania.<\/strong> N-Acetyl Epitalon jest znany przede wszystkim z tego, \u017ce stymuluje produkcj\u0119 telomerazy, enzymu odgrywaj\u0105cego kluczow\u0105 rol\u0119 w utrzymaniu d\u0142ugo\u015bci i integralno\u015bci telomer\u00f3w \u2013 struktur znajduj\u0105cych si\u0119 na ko\u0144cach chromosom\u00f3w, kt\u00f3re chroni\u0105 je przed uszkodzeniem.<\/span><\/p>\n","protected":false},"excerpt":{"rendered":"<p>Peptyd N-Acetyl Epitalon klucz do ograniczenia starzenia organizmu N-Acetyl Epitalon, znany r\u00f3wnie\u017c jako N-Acetyl Epitalon Amidat, jest syntetyczn\u0105 wersj\u0105 naturalnie wyst\u0119puj\u0105cego peptydu Epitalonu. Sam Epitalon jest tetrapeptydem, sk\u0142adaj\u0105cym si\u0119 z czterech aminokwas\u00f3w: alaniny, kwasu glutaminowego, kwasu asparaginowego i glicyny. Peptyd ten zosta\u0142 odkryty przez rosyjskiego naukowca, profesora W\u0142adimira Chavinsona, kt\u00f3ry bada\u0142 jego wp\u0142yw na starzenie &hellip;<\/p>\n<p class=\"read-more\"> <a class=\"\" href=\"https:\/\/pro-body.com\/pl\/produkt\/n-acetyl-epithalon\/\"> <span class=\"screen-reader-text\">N-Acetyl Epithalon 10 mg<\/span> Read More &raquo;<\/a><\/p>\n","protected":false},"featured_media":71633,"comment_status":"open","ping_status":"closed","template":"","meta":{"_acf_changed":false,"site-sidebar-layout":"default","site-content-layout":"","ast-site-content-layout":"default","site-content-style":"default","site-sidebar-style":"default","ast-global-header-display":"","ast-banner-title-visibility":"","ast-main-header-display":"","ast-hfb-above-header-display":"","ast-hfb-below-header-display":"","ast-hfb-mobile-header-display":"","site-post-title":"","ast-breadcrumbs-content":"","ast-featured-img":"","footer-sml-layout":"","theme-transparent-header-meta":"default","adv-header-id-meta":"","stick-header-meta":"","header-above-stick-meta":"","header-main-stick-meta":"","header-below-stick-meta":"","astra-migrate-meta-layouts":"set"},"product_brand":[],"product_cat":[15,96,117,47,53,46,52,49],"product_tag":[],"class_list":{"0":"post-71636","1":"product","2":"type-product","3":"status-publish","4":"has-post-thumbnail","6":"product_cat-bez-kategorii","7":"product_cat-peptydy-iniekcyjne","8":"product_cat-nowosc","9":"product_cat-peptydy","10":"product_cat-peptydy-na-poprawe-samopoczucia","11":"product_cat-peptydy-na-prace-mozgu","12":"product_cat-peptydy-na-regeneracje","13":"product_cat-peptydy-na-sen","14":"desktop-align-center","15":"tablet-align-left","16":"mobile-align-left","18":"first","19":"instock","20":"sale","21":"taxable","22":"shipping-taxable","23":"purchasable","24":"product-type-simple"},"acf":[],"aioseo_notices":[],"_links":{"self":[{"href":"https:\/\/pro-body.com\/pl\/wp-json\/wp\/v2\/product\/71636","targetHints":{"allow":["GET"]}}],"collection":[{"href":"https:\/\/pro-body.com\/pl\/wp-json\/wp\/v2\/product"}],"about":[{"href":"https:\/\/pro-body.com\/pl\/wp-json\/wp\/v2\/types\/product"}],"replies":[{"embeddable":true,"href":"https:\/\/pro-body.com\/pl\/wp-json\/wp\/v2\/comments?post=71636"}],"wp:featuredmedia":[{"embeddable":true,"href":"https:\/\/pro-body.com\/pl\/wp-json\/wp\/v2\/media\/71633"}],"wp:attachment":[{"href":"https:\/\/pro-body.com\/pl\/wp-json\/wp\/v2\/media?parent=71636"}],"wp:term":[{"taxonomy":"product_brand","embeddable":true,"href":"https:\/\/pro-body.com\/pl\/wp-json\/wp\/v2\/product_brand?post=71636"},{"taxonomy":"product_cat","embeddable":true,"href":"https:\/\/pro-body.com\/pl\/wp-json\/wp\/v2\/product_cat?post=71636"},{"taxonomy":"product_tag","embeddable":true,"href":"https:\/\/pro-body.com\/pl\/wp-json\/wp\/v2\/product_tag?post=71636"}],"curies":[{"name":"wp","href":"https:\/\/api.w.org\/{rel}","templated":true}]}}