{"id":72440,"date":"2024-09-09T07:55:28","date_gmt":"2024-09-09T05:55:28","guid":{"rendered":"https:\/\/pro-body.com\/pl\/?post_type=product&#038;p=72440"},"modified":"2025-07-05T16:03:06","modified_gmt":"2025-07-05T14:03:06","slug":"aod-9604-5mg","status":"publish","type":"product","link":"https:\/\/pro-body.com\/pl\/produkt\/aod-9604-5mg\/","title":{"rendered":"AOD-9604 5 mg"},"content":{"rendered":"<h1><span style=\"font-weight: 400;\">AOD-9604 5 mg &#8211; peptyd na odchudzanie<\/span><\/h1>\n<p><span style=\"font-weight: 400;\"><strong>Peptyd AOD-9604 jest syntetycznym analogiem fragmentu ludzkiego hormonu wzrostu (HGH), stworzonym specjalnie do stymulowania proces\u00f3w spalania t\u0142uszczu.<\/strong> Jego formu\u0142a oparta jest na ostatnich 15 aminokwasach naturalnego hormonu wzrostu, jednak bez niekt\u00f3rych w\u0142a\u015bciwo\u015bci anabolicznych, co oznacza, \u017ce jego g\u0142\u00f3wnym celem jest redukcja tkanki t\u0142uszczowej, a nie rozw\u00f3j mi\u0119\u015bni.<\/span><\/p>\n<p><span style=\"font-weight: 400;\">Jego dzia\u0142anie opiera si\u0119 na stymulacji metabolizmu lipid\u00f3w oraz zwi\u0119kszeniu lipolizy \u2013 procesu, w kt\u00f3rym t\u0142uszcze s\u0105 rozk\u0142adane i wykorzystywane jako energia. Dzi\u0119ki temu AOD-9604 mo\u017ce by\u0107 skutecznym wsparciem w redukcji tkanki t\u0142uszczowej, zw\u0142aszcza w miejscach opornych na klasyczne metody odchudzania.<\/span><\/p>\n","protected":false},"excerpt":{"rendered":"<p>AOD-9604 5 mg &#8211; peptyd na odchudzanie Peptyd AOD-9604 jest syntetycznym analogiem fragmentu ludzkiego hormonu wzrostu (HGH), stworzonym specjalnie do stymulowania proces\u00f3w spalania t\u0142uszczu. Jego formu\u0142a oparta jest na ostatnich 15 aminokwasach naturalnego hormonu wzrostu, jednak bez niekt\u00f3rych w\u0142a\u015bciwo\u015bci anabolicznych, co oznacza, \u017ce jego g\u0142\u00f3wnym celem jest redukcja tkanki t\u0142uszczowej, a nie rozw\u00f3j mi\u0119\u015bni. Jego &hellip;<\/p>\n<p class=\"read-more\"> <a class=\"\" href=\"https:\/\/pro-body.com\/pl\/produkt\/aod-9604-5mg\/\"> <span class=\"screen-reader-text\">AOD-9604 5 mg<\/span> Read More &raquo;<\/a><\/p>\n","protected":false},"featured_media":72441,"comment_status":"open","ping_status":"closed","template":"","meta":{"_acf_changed":false,"site-sidebar-layout":"default","site-content-layout":"","ast-site-content-layout":"default","site-content-style":"default","site-sidebar-style":"default","ast-global-header-display":"","ast-banner-title-visibility":"","ast-main-header-display":"","ast-hfb-above-header-display":"","ast-hfb-below-header-display":"","ast-hfb-mobile-header-display":"","site-post-title":"","ast-breadcrumbs-content":"","ast-featured-img":"","footer-sml-layout":"","theme-transparent-header-meta":"default","adv-header-id-meta":"","stick-header-meta":"","header-above-stick-meta":"","header-main-stick-meta":"","header-below-stick-meta":"","astra-migrate-meta-layouts":"set"},"product_brand":[],"product_cat":[15,96,117,47,57,65],"product_tag":[],"class_list":{"0":"post-72440","1":"product","2":"type-product","3":"status-publish","4":"has-post-thumbnail","6":"product_cat-bez-kategorii","7":"product_cat-peptydy-iniekcyjne","8":"product_cat-nowosc","9":"product_cat-peptydy","10":"product_cat-peptydy-na-spalanie-tkanki-tluszczowej","11":"product_cat-spalacze-tluszczu","12":"desktop-align-center","13":"tablet-align-left","14":"mobile-align-left","16":"first","17":"instock","18":"sale","19":"taxable","20":"shipping-taxable","21":"purchasable","22":"product-type-simple"},"acf":[],"aioseo_notices":[],"_links":{"self":[{"href":"https:\/\/pro-body.com\/pl\/wp-json\/wp\/v2\/product\/72440","targetHints":{"allow":["GET"]}}],"collection":[{"href":"https:\/\/pro-body.com\/pl\/wp-json\/wp\/v2\/product"}],"about":[{"href":"https:\/\/pro-body.com\/pl\/wp-json\/wp\/v2\/types\/product"}],"replies":[{"embeddable":true,"href":"https:\/\/pro-body.com\/pl\/wp-json\/wp\/v2\/comments?post=72440"}],"wp:featuredmedia":[{"embeddable":true,"href":"https:\/\/pro-body.com\/pl\/wp-json\/wp\/v2\/media\/72441"}],"wp:attachment":[{"href":"https:\/\/pro-body.com\/pl\/wp-json\/wp\/v2\/media?parent=72440"}],"wp:term":[{"taxonomy":"product_brand","embeddable":true,"href":"https:\/\/pro-body.com\/pl\/wp-json\/wp\/v2\/product_brand?post=72440"},{"taxonomy":"product_cat","embeddable":true,"href":"https:\/\/pro-body.com\/pl\/wp-json\/wp\/v2\/product_cat?post=72440"},{"taxonomy":"product_tag","embeddable":true,"href":"https:\/\/pro-body.com\/pl\/wp-json\/wp\/v2\/product_tag?post=72440"}],"curies":[{"name":"wp","href":"https:\/\/api.w.org\/{rel}","templated":true}]}}