{"id":76858,"date":"2024-11-26T20:05:10","date_gmt":"2024-11-26T19:05:10","guid":{"rendered":"https:\/\/pro-body.com\/pl\/?post_type=product&#038;p=76858"},"modified":"2025-06-27T11:47:39","modified_gmt":"2025-06-27T09:47:39","slug":"hmg-75iu","status":"publish","type":"product","link":"https:\/\/pro-body.com\/pl\/produkt\/hmg-75iu\/","title":{"rendered":"HMG- 75iu"},"content":{"rendered":"<h2><b>Czym jest HMG Menotropina?<\/b><\/h2>\n<p><span style=\"font-weight: 400;\">HMG, znana r\u00f3wnie\u017c jako Menotropina, to preparat zawieraj\u0105cy mieszank\u0119 hormon\u00f3w gonadotropinowych, w tym hormonu folikulotropowego (FSH) i hormonu luteinizuj\u0105cego (LH). Jest to produkt stosowany g\u0142\u00f3wnie w leczeniu problem\u00f3w zwi\u0105zanych z p\u0142odno\u015bci\u0105 zar\u00f3wno u m\u0119\u017cczyzn, jak i u kobiet. W kulturystyce i medycynie sportowej HMG znalaz\u0142o zastosowanie w przywracaniu funkcji hormonalnych po cyklach z u\u017cyciem SAA, co czyni go <\/span><b>popularnym wyborem w\u015br\u00f3d zaawansowanych sportowc\u00f3w<\/b><span style=\"font-weight: 400;\">. Czasem stosowane jest zamiennie z <a href=\"https:\/\/pro-body.com\/pl\/produkt\/hcg-5000iu\/\">HCG<\/a> lub w terapii \u0142\u0105czonej.\u00a0<\/span><\/p>\n<p><img fetchpriority=\"high\" decoding=\"async\" class=\"aligncenter wp-image-82521 size-full\" src=\"https:\/\/pro-body.com\/pl\/wp-content\/uploads\/2024\/11\/hmg.png\" alt=\"hmg 75 iu\" width=\"1300\" height=\"500\" srcset=\"https:\/\/pro-body.com\/pl\/wp-content\/uploads\/2024\/11\/hmg.png 1300w, https:\/\/pro-body.com\/pl\/wp-content\/uploads\/2024\/11\/hmg-300x115.png 300w, https:\/\/pro-body.com\/pl\/wp-content\/uploads\/2024\/11\/hmg-1024x394.png 1024w, https:\/\/pro-body.com\/pl\/wp-content\/uploads\/2024\/11\/hmg-768x295.png 768w, https:\/\/pro-body.com\/pl\/wp-content\/uploads\/2024\/11\/hmg-1000x385.png 1000w, https:\/\/pro-body.com\/pl\/wp-content\/uploads\/2024\/11\/hmg-64x25.png 64w\" sizes=\"(max-width: 1300px) 100vw, 1300px\" \/><\/p>\n","protected":false},"excerpt":{"rendered":"<p data-start=\"104\" data-end=\"428\"><strong>HMG<\/strong> (Human Menopausal Gonadotropin) to kompleksowy peptyd hormonalny zawieraj\u0105cy zar\u00f3wno hormon folikulotropowy (FSH), jak i hormon luteinizuj\u0105cy (LH) w stosunku niemal r\u00f3wnym. Jest stosowany g\u0142\u00f3wnie w leczeniu niep\u0142odno\u015bci u m\u0119\u017cczyzn i kobiet, reguluj\u0105c funkcje gonadotropowe i wspieraj\u0105c dojrzewanie kom\u00f3rek rozrodczych.<\/p>\n<p data-start=\"430\" data-end=\"892\">W medycynie rozrodu HMG wykorzystywane jest do stymulacji owulacji u kobiet z zaburzeniami p\u0142odno\u015bci, takich jak zesp\u00f3\u0142 policystycznych jajnik\u00f3w (PCOS), oraz w terapiach wspomaganego rozrodu, np. in vitro (IVF). U m\u0119\u017cczyzn stosowanie HMG mo\u017ce zwi\u0119ksza\u0107 produkcj\u0119 testosteronu poprzez pobudzenie kom\u00f3rek Leydiga, co czyni go skutecznym \u015brodkiem w terapii hipogonadyzmu oraz przywracaniu funkcji hormonalnej po stosowaniu steryd\u00f3w anaboliczno-androgennych (PCT).<\/p>\n","protected":false},"featured_media":76859,"comment_status":"open","ping_status":"closed","template":"","meta":{"_acf_changed":false,"site-sidebar-layout":"default","site-content-layout":"","ast-site-content-layout":"default","site-content-style":"default","site-sidebar-style":"default","ast-global-header-display":"","ast-banner-title-visibility":"","ast-main-header-display":"","ast-hfb-above-header-display":"","ast-hfb-below-header-display":"","ast-hfb-mobile-header-display":"","site-post-title":"","ast-breadcrumbs-content":"","ast-featured-img":"","footer-sml-layout":"","theme-transparent-header-meta":"default","adv-header-id-meta":"","stick-header-meta":"","header-above-stick-meta":"","header-main-stick-meta":"","header-below-stick-meta":"","astra-migrate-meta-layouts":"set"},"product_brand":[],"product_cat":[117,47],"product_tag":[],"class_list":{"0":"post-76858","1":"product","2":"type-product","3":"status-publish","4":"has-post-thumbnail","6":"product_cat-nowosc","7":"product_cat-peptydy","8":"desktop-align-center","9":"tablet-align-left","10":"mobile-align-left","12":"first","13":"instock","14":"sale","15":"taxable","16":"shipping-taxable","17":"purchasable","18":"product-type-simple"},"acf":[],"aioseo_notices":[],"_links":{"self":[{"href":"https:\/\/pro-body.com\/pl\/wp-json\/wp\/v2\/product\/76858","targetHints":{"allow":["GET"]}}],"collection":[{"href":"https:\/\/pro-body.com\/pl\/wp-json\/wp\/v2\/product"}],"about":[{"href":"https:\/\/pro-body.com\/pl\/wp-json\/wp\/v2\/types\/product"}],"replies":[{"embeddable":true,"href":"https:\/\/pro-body.com\/pl\/wp-json\/wp\/v2\/comments?post=76858"}],"wp:featuredmedia":[{"embeddable":true,"href":"https:\/\/pro-body.com\/pl\/wp-json\/wp\/v2\/media\/76859"}],"wp:attachment":[{"href":"https:\/\/pro-body.com\/pl\/wp-json\/wp\/v2\/media?parent=76858"}],"wp:term":[{"taxonomy":"product_brand","embeddable":true,"href":"https:\/\/pro-body.com\/pl\/wp-json\/wp\/v2\/product_brand?post=76858"},{"taxonomy":"product_cat","embeddable":true,"href":"https:\/\/pro-body.com\/pl\/wp-json\/wp\/v2\/product_cat?post=76858"},{"taxonomy":"product_tag","embeddable":true,"href":"https:\/\/pro-body.com\/pl\/wp-json\/wp\/v2\/product_tag?post=76858"}],"curies":[{"name":"wp","href":"https:\/\/api.w.org\/{rel}","templated":true}]}}