{"id":76899,"date":"2024-11-26T20:05:04","date_gmt":"2024-11-26T19:05:04","guid":{"rendered":"https:\/\/pro-body.com\/pl\/?post_type=product&#038;p=76899"},"modified":"2025-11-25T15:48:11","modified_gmt":"2025-11-25T14:48:11","slug":"oxytropin-pen-60-iu","status":"publish","type":"product","link":"https:\/\/pro-body.com\/pl\/produkt\/oxytropin-pen-60-iu\/","title":{"rendered":"Oxytropin PEN 60 IU"},"content":{"rendered":"<h1><strong>Oxytropin PEN 60 IU &#8211; kompleks 171 aminokwas\u00f3w w penie<\/strong><\/h1>\n<h2><strong>Czym jest Oxytropin PEN 60 IU?<\/strong><\/h2>\n<p><strong>Oxytropin PEN 60 IU<\/strong><span style=\"font-weight: 400;\"> to innowacyjny produkt zawieraj\u0105cy rekombinowany ludzki kompleks 171 aminokwas\u00f3w (rhGH), zaprojektowany w wygodnej formie wstrzykiwacza (pen). Kompleks 171 aminokwas\u00f3w odgrywa kluczow\u0105 rol\u0119 w regulacji proces\u00f3w metabolicznych, wspieraniu regeneracji tkanek oraz poprawie og\u00f3lnej kondycji organizmu. Produkt cieszy si\u0119 du\u017cym zainteresowaniem w\u015br\u00f3d sportowc\u00f3w, os\u00f3b d\u0105\u017c\u0105cych do poprawy jako\u015bci \u017cycia oraz tych, kt\u00f3rzy poszukuj\u0105 wsparcia w procesie regeneracji i terapii przeciwstarzeniowej.<\/span><\/p>\n<p><img fetchpriority=\"high\" decoding=\"async\" class=\"aligncenter wp-image-82522 size-full\" src=\"https:\/\/pro-body.com\/pl\/wp-content\/uploads\/2024\/11\/oxytropin-pen.png\" alt=\"oxytropin pen\" width=\"1300\" height=\"500\" srcset=\"https:\/\/pro-body.com\/pl\/wp-content\/uploads\/2024\/11\/oxytropin-pen.png 1300w, https:\/\/pro-body.com\/pl\/wp-content\/uploads\/2024\/11\/oxytropin-pen-300x115.png 300w, https:\/\/pro-body.com\/pl\/wp-content\/uploads\/2024\/11\/oxytropin-pen-1024x394.png 1024w, https:\/\/pro-body.com\/pl\/wp-content\/uploads\/2024\/11\/oxytropin-pen-768x295.png 768w, https:\/\/pro-body.com\/pl\/wp-content\/uploads\/2024\/11\/oxytropin-pen-1000x385.png 1000w, https:\/\/pro-body.com\/pl\/wp-content\/uploads\/2024\/11\/oxytropin-pen-64x25.png 64w\" sizes=\"(max-width: 1300px) 100vw, 1300px\" \/><\/p>\n","protected":false},"excerpt":{"rendered":"<p data-start=\"97\" data-end=\"522\">Hormon wzrostu (GH, <strong data-start=\"117\" data-end=\"135\">growth hormone<\/strong>) w formie aplikatora typu pen to nowoczesne rozwi\u0105zanie terapeutyczne zapewniaj\u0105ce precyzyjne dawkowanie oraz wygod\u0119 stosowania. Somatotropina, jako kluczowy hormon anaboliczny, odgrywa istotn\u0105 rol\u0119 w regulacji metabolizmu, syntezy bia\u0142ek oraz regeneracji tkanek, dlatego jej zastosowanie znajduje szerokie uzasadnienie zar\u00f3wno w medycynie, jak i w optymalizacji wydolno\u015bci organizmu.<\/p>\n<p data-start=\"524\" data-end=\"854\">W <strong data-start=\"526\" data-end=\"564\">leczeniu niedoboru hormonu wzrostu<\/strong> pen pozwala na precyzyjne podawanie dawki, co jest istotne w terapii dzieci i doros\u0142ych z deficytem GH. Stymuluje wzrost ko\u015bci, wspomaga regeneracj\u0119 tkanki mi\u0119\u015bniowej i redukcj\u0119 tkanki t\u0142uszczowej, poprawiaj\u0105c jednocze\u015bnie parametry metaboliczne, takie jak gospodarka glukozowo-lipidowa.<\/p>\n","protected":false},"featured_media":85773,"comment_status":"open","ping_status":"closed","template":"","meta":{"_acf_changed":false,"site-sidebar-layout":"default","site-content-layout":"","ast-site-content-layout":"default","site-content-style":"default","site-sidebar-style":"default","ast-global-header-display":"","ast-banner-title-visibility":"","ast-main-header-display":"","ast-hfb-above-header-display":"","ast-hfb-below-header-display":"","ast-hfb-mobile-header-display":"","site-post-title":"","ast-breadcrumbs-content":"","ast-featured-img":"","footer-sml-layout":"","theme-transparent-header-meta":"default","adv-header-id-meta":"","stick-header-meta":"","header-above-stick-meta":"","header-main-stick-meta":"","header-below-stick-meta":"","astra-migrate-meta-layouts":"set"},"product_brand":[],"product_cat":[15,117,88,118,47,54,52,59],"product_tag":[],"class_list":{"0":"post-76899","1":"product","2":"type-product","3":"status-publish","4":"has-post-thumbnail","6":"product_cat-bez-kategorii","7":"product_cat-nowosc","8":"product_cat-gh-i-igf-1","9":"product_cat-peny","10":"product_cat-peptydy","11":"product_cat-peptydy-na-mase-miesniowa","12":"product_cat-peptydy-na-regeneracje","13":"product_cat-peptydy-zwiekszajace-hormon-wzrostu","14":"desktop-align-center","15":"tablet-align-left","16":"mobile-align-left","18":"first","19":"instock","20":"sale","21":"taxable","22":"shipping-taxable","23":"purchasable","24":"product-type-simple"},"acf":[],"aioseo_notices":[],"_links":{"self":[{"href":"https:\/\/pro-body.com\/pl\/wp-json\/wp\/v2\/product\/76899","targetHints":{"allow":["GET"]}}],"collection":[{"href":"https:\/\/pro-body.com\/pl\/wp-json\/wp\/v2\/product"}],"about":[{"href":"https:\/\/pro-body.com\/pl\/wp-json\/wp\/v2\/types\/product"}],"replies":[{"embeddable":true,"href":"https:\/\/pro-body.com\/pl\/wp-json\/wp\/v2\/comments?post=76899"}],"wp:featuredmedia":[{"embeddable":true,"href":"https:\/\/pro-body.com\/pl\/wp-json\/wp\/v2\/media\/85773"}],"wp:attachment":[{"href":"https:\/\/pro-body.com\/pl\/wp-json\/wp\/v2\/media?parent=76899"}],"wp:term":[{"taxonomy":"product_brand","embeddable":true,"href":"https:\/\/pro-body.com\/pl\/wp-json\/wp\/v2\/product_brand?post=76899"},{"taxonomy":"product_cat","embeddable":true,"href":"https:\/\/pro-body.com\/pl\/wp-json\/wp\/v2\/product_cat?post=76899"},{"taxonomy":"product_tag","embeddable":true,"href":"https:\/\/pro-body.com\/pl\/wp-json\/wp\/v2\/product_tag?post=76899"}],"curies":[{"name":"wp","href":"https:\/\/api.w.org\/{rel}","templated":true}]}}