{"id":78125,"date":"2024-12-15T14:15:09","date_gmt":"2024-12-15T13:15:09","guid":{"rendered":"https:\/\/pro-body.com\/pl\/?post_type=product&#038;p=78125"},"modified":"2026-03-01T09:48:09","modified_gmt":"2026-03-01T08:48:09","slug":"n-acetyl-selank-10mg","status":"publish","type":"product","link":"https:\/\/pro-body.com\/pl\/produkt\/n-acetyl-selank-10mg\/","title":{"rendered":"N-acetyl SELANK 10 mg"},"content":{"rendered":"<p><span style=\"font-weight: 400;\"><strong>N-acetyl Selank<\/strong> to zaawansowany <\/span><strong>peptyd nootropowy<\/strong><span style=\"font-weight: 400;\">, kt\u00f3ry odgrywa kluczow\u0105 rol\u0119 w modulacji uk\u0142adu odporno\u015bciowego i nerwowego. Dzi\u0119ki dodaniu grupy acetylowej do struktury Selanku substancja ta charakteryzuje si\u0119 lepsz\u0105 stabilno\u015bci\u0105 i wy\u017csz\u0105 biodost\u0119pno\u015bci\u0105. Wykorzystaj silne dzia\u0142anie wspieraj\u0105ce funkcj\u0119 poznawcze i poznaj wszystkie kluczowe cechy produktu, kt\u00f3ry stworzy z Ciebie osob\u0119 o wysokiej wydajno\u015bci i znakomitym samopoczuciu.\u00a0<\/span><\/p>\n<p><img fetchpriority=\"high\" decoding=\"async\" class=\"aligncenter wp-image-82519 size-full\" src=\"https:\/\/pro-body.com\/pl\/wp-content\/uploads\/2024\/12\/fitness-Banner-Landscape.png\" alt=\"n-acetyl selank 10 mg\" width=\"1300\" height=\"500\" srcset=\"https:\/\/pro-body.com\/pl\/wp-content\/uploads\/2024\/12\/fitness-Banner-Landscape.png 1300w, https:\/\/pro-body.com\/pl\/wp-content\/uploads\/2024\/12\/fitness-Banner-Landscape-300x115.png 300w, https:\/\/pro-body.com\/pl\/wp-content\/uploads\/2024\/12\/fitness-Banner-Landscape-1024x394.png 1024w, https:\/\/pro-body.com\/pl\/wp-content\/uploads\/2024\/12\/fitness-Banner-Landscape-768x295.png 768w, https:\/\/pro-body.com\/pl\/wp-content\/uploads\/2024\/12\/fitness-Banner-Landscape-1000x385.png 1000w, https:\/\/pro-body.com\/pl\/wp-content\/uploads\/2024\/12\/fitness-Banner-Landscape-64x25.png 64w\" sizes=\"(max-width: 1300px) 100vw, 1300px\" \/><\/p>\n","protected":false},"excerpt":{"rendered":"<p data-start=\"89\" data-end=\"433\">N-Acetyl Selank to zaawansowana wersja peptydu Selank, opracowanego jako neuromodulator wp\u0142ywaj\u0105cy na funkcje poznawcze, odporno\u015b\u0107 na stres oraz regulacj\u0119 neuroprzeka\u017anik\u00f3w. Jego acetylowana forma charakteryzuje si\u0119 zwi\u0119kszon\u0105 biodost\u0119pno\u015bci\u0105 oraz wyd\u0142u\u017conym czasem dzia\u0142ania, co mo\u017ce przek\u0142ada\u0107 si\u0119 na bardziej stabilne efekty terapeutyczne.<\/p>\n<p data-start=\"435\" data-end=\"909\">Badania nad Selankiem sugeruj\u0105 jego potencjalne w\u0142a\u015bciwo\u015bci anksjolityczne bez efekt\u00f3w sedatywnych typowych dla benzodiazepin. Dzia\u0142a poprzez modulacj\u0119 uk\u0142adu GABA-ergicznego oraz wp\u0142yw na ekspresj\u0119 BDNF (czynnika neurotroficznego pochodzenia m\u00f3zgowego), co mo\u017ce wspiera\u0107 neuroplastyczno\u015b\u0107 i poprawia\u0107 funkcje kognitywne. Dodatkowo wykazuje dzia\u0142anie immunomodulacyjne, co czyni go przedmiotem zainteresowania w kontek\u015bcie wsparcia odporno\u015bci oraz terapii stan\u00f3w l\u0119kowych.<\/p>\n","protected":false},"featured_media":78126,"comment_status":"open","ping_status":"closed","template":"","meta":{"_acf_changed":false,"site-sidebar-layout":"default","site-content-layout":"","ast-site-content-layout":"default","site-content-style":"default","site-sidebar-style":"default","ast-global-header-display":"","ast-banner-title-visibility":"","ast-main-header-display":"","ast-hfb-above-header-display":"","ast-hfb-below-header-display":"","ast-hfb-mobile-header-display":"","site-post-title":"","ast-breadcrumbs-content":"","ast-featured-img":"","footer-sml-layout":"","theme-transparent-header-meta":"default","adv-header-id-meta":"","stick-header-meta":"","header-above-stick-meta":"","header-main-stick-meta":"","header-below-stick-meta":"","astra-migrate-meta-layouts":"set"},"product_brand":[],"product_cat":[117,47,53,46],"product_tag":[],"class_list":{"0":"post-78125","1":"product","2":"type-product","3":"status-publish","4":"has-post-thumbnail","6":"product_cat-nowosc","7":"product_cat-peptydy","8":"product_cat-peptydy-na-poprawe-samopoczucia","9":"product_cat-peptydy-na-prace-mozgu","10":"desktop-align-center","11":"tablet-align-left","12":"mobile-align-left","14":"first","15":"instock","16":"sale","17":"taxable","18":"shipping-taxable","19":"purchasable","20":"product-type-simple"},"acf":[],"aioseo_notices":[],"_links":{"self":[{"href":"https:\/\/pro-body.com\/pl\/wp-json\/wp\/v2\/product\/78125","targetHints":{"allow":["GET"]}}],"collection":[{"href":"https:\/\/pro-body.com\/pl\/wp-json\/wp\/v2\/product"}],"about":[{"href":"https:\/\/pro-body.com\/pl\/wp-json\/wp\/v2\/types\/product"}],"replies":[{"embeddable":true,"href":"https:\/\/pro-body.com\/pl\/wp-json\/wp\/v2\/comments?post=78125"}],"wp:featuredmedia":[{"embeddable":true,"href":"https:\/\/pro-body.com\/pl\/wp-json\/wp\/v2\/media\/78126"}],"wp:attachment":[{"href":"https:\/\/pro-body.com\/pl\/wp-json\/wp\/v2\/media?parent=78125"}],"wp:term":[{"taxonomy":"product_brand","embeddable":true,"href":"https:\/\/pro-body.com\/pl\/wp-json\/wp\/v2\/product_brand?post=78125"},{"taxonomy":"product_cat","embeddable":true,"href":"https:\/\/pro-body.com\/pl\/wp-json\/wp\/v2\/product_cat?post=78125"},{"taxonomy":"product_tag","embeddable":true,"href":"https:\/\/pro-body.com\/pl\/wp-json\/wp\/v2\/product_tag?post=78125"}],"curies":[{"name":"wp","href":"https:\/\/api.w.org\/{rel}","templated":true}]}}