{"id":78131,"date":"2024-12-16T08:26:24","date_gmt":"2024-12-16T07:26:24","guid":{"rendered":"https:\/\/pro-body.com\/pl\/?post_type=product&#038;p=78131"},"modified":"2026-01-09T11:16:06","modified_gmt":"2026-01-09T10:16:06","slug":"semacargi-2mg2mg-pen","status":"publish","type":"product","link":"https:\/\/pro-body.com\/pl\/produkt\/semacargi-2mg2mg-pen\/","title":{"rendered":"SEMA+CAGRI 2mg+2mg PEN"},"content":{"rendered":"<p><strong>SEMA+CAGRI to po\u0142\u0105czenie dw\u00f3ch skutecznych peptyd\u00f3w na odchudzanie. <\/strong>Czy marzysz o smuklejszej sylwetce, ale tradycyjne metody odchudzania zawodz\u0105? Nie jeste\u015b sam \u2013 wiele os\u00f3b zmaga si\u0119 z wyzwaniami, jakie stawia utrata nadmiarowych kilogram\u00f3w. Dlatego w\u0142a\u015bnie powsta\u0142 <strong>SEMA+CAGRI 2 mg+2 mg PEN<\/strong> \u2013 prze\u0142omowy preparat na odchudzanie, kt\u00f3ry \u0142\u0105czy si\u0142\u0119 semaglutydu i kagrilintydu, dw\u00f3ch innowacyjnych sk\u0142adnik\u00f3w wspieraj\u0105cych zarz\u0105dzanie mas\u0105 cia\u0142a.<\/p>\n<p>Oty\u0142o\u015b\u0107 jest obecnie problemem i konieczna jest interwencja, kt\u00f3ra pomo\u017ce upora\u0107 si\u0119 z narastaj\u0105c\u0105 plag\u0105 os\u00f3b z nadmiarowymi kilogramami.\u00a0Tradycyjne metody leczenia, takie jak dieta i aktywno\u015b\u0107 fizyczna, cz\u0119sto okazuj\u0105 si\u0119 niewystarczaj\u0105ce. W odpowiedzi na rosn\u0105c\u0105 potrzeb\u0119 skutecznych terapii farmakologicznych naukowcy opracowali innowacyjne peptydy, takie jak <a href=\"https:\/\/pro-body.com\/pl\/produkt\/semaglutyd\/\"><strong>semaglutyd<\/strong><\/a> i <strong>kagrilintyd<\/strong>, kt\u00f3re w po\u0142\u0105czeniu oferuj\u0105 nowe mo\u017cliwo\u015bci w walce z nadmiern\u0105 mas\u0105 cia\u0142a.<\/p>\n<p><img fetchpriority=\"high\" decoding=\"async\" class=\"aligncenter wp-image-81824 size-full\" src=\"https:\/\/pro-body.com\/pl\/wp-content\/uploads\/2024\/12\/semacargi.png\" alt=\"sema+cargi peptydy na odchudzanie\" width=\"1300\" height=\"500\" srcset=\"https:\/\/pro-body.com\/pl\/wp-content\/uploads\/2024\/12\/semacargi.png 1300w, https:\/\/pro-body.com\/pl\/wp-content\/uploads\/2024\/12\/semacargi-300x115.png 300w, https:\/\/pro-body.com\/pl\/wp-content\/uploads\/2024\/12\/semacargi-1024x394.png 1024w, https:\/\/pro-body.com\/pl\/wp-content\/uploads\/2024\/12\/semacargi-768x295.png 768w, https:\/\/pro-body.com\/pl\/wp-content\/uploads\/2024\/12\/semacargi-1000x385.png 1000w, https:\/\/pro-body.com\/pl\/wp-content\/uploads\/2024\/12\/semacargi-64x25.png 64w\" sizes=\"(max-width: 1300px) 100vw, 1300px\" \/><\/p>\n","protected":false},"excerpt":{"rendered":"<p>Czy odchudzanie to dla Ciebie nieko\u0144cz\u0105ca si\u0119 walka, w kt\u00f3rej efekty przychodz\u0105 z trudem lub znikaj\u0105 szybciej, ni\u017c si\u0119 pojawi\u0142y? Nie jeste\u015b sam \u2013 wielu ludzi zmaga si\u0119 z tym samym problemem. Tradycyjne metody, takie jak restrykcyjna dieta i wyczerpuj\u0105ce treningi, cz\u0119sto nie wystarczaj\u0105, by skutecznie kontrolowa\u0107 mas\u0119 cia\u0142a. Dlatego powsta\u0142 <strong>SEMA+CAGRI 2 mg+2 mg PEN<\/strong> \u2013 prze\u0142omowe po\u0142\u0105czenie dw\u00f3ch nowoczesnych peptyd\u00f3w: <strong>semaglutydu<\/strong> i <strong>kagrilintydu<\/strong>, kt\u00f3re wsp\u00f3lnie dzia\u0142aj\u0105, by wspiera\u0107 proces odchudzania. To innowacyjne rozwi\u0105zanie dla os\u00f3b, kt\u00f3re szukaj\u0105 skutecznej i nowoczesnej pomocy w redukcji wagi. Je\u015bli marzysz o smuklejszej sylwetce i lepszym samopoczuciu, to mo\u017ce by\u0107 prze\u0142om, na kt\u00f3ry czeka\u0142e\u015b.<\/p>\n","protected":false},"featured_media":78128,"comment_status":"open","ping_status":"closed","template":"","meta":{"_acf_changed":false,"site-sidebar-layout":"default","site-content-layout":"","ast-site-content-layout":"default","site-content-style":"default","site-sidebar-style":"default","ast-global-header-display":"","ast-banner-title-visibility":"","ast-main-header-display":"","ast-hfb-above-header-display":"","ast-hfb-below-header-display":"","ast-hfb-mobile-header-display":"","site-post-title":"","ast-breadcrumbs-content":"","ast-featured-img":"","footer-sml-layout":"","theme-transparent-header-meta":"default","adv-header-id-meta":"","stick-header-meta":"","header-above-stick-meta":"","header-main-stick-meta":"","header-below-stick-meta":"","astra-migrate-meta-layouts":"set"},"product_brand":[],"product_cat":[15,96,117,118,47,57,65],"product_tag":[],"class_list":{"0":"post-78131","1":"product","2":"type-product","3":"status-publish","4":"has-post-thumbnail","6":"product_cat-bez-kategorii","7":"product_cat-peptydy-iniekcyjne","8":"product_cat-nowosc","9":"product_cat-peny","10":"product_cat-peptydy","11":"product_cat-peptydy-na-spalanie-tkanki-tluszczowej","12":"product_cat-spalacze-tluszczu","13":"desktop-align-center","14":"tablet-align-left","15":"mobile-align-left","17":"first","18":"instock","19":"sale","20":"taxable","21":"shipping-taxable","22":"purchasable","23":"product-type-simple"},"acf":[],"aioseo_notices":[],"_links":{"self":[{"href":"https:\/\/pro-body.com\/pl\/wp-json\/wp\/v2\/product\/78131","targetHints":{"allow":["GET"]}}],"collection":[{"href":"https:\/\/pro-body.com\/pl\/wp-json\/wp\/v2\/product"}],"about":[{"href":"https:\/\/pro-body.com\/pl\/wp-json\/wp\/v2\/types\/product"}],"replies":[{"embeddable":true,"href":"https:\/\/pro-body.com\/pl\/wp-json\/wp\/v2\/comments?post=78131"}],"wp:featuredmedia":[{"embeddable":true,"href":"https:\/\/pro-body.com\/pl\/wp-json\/wp\/v2\/media\/78128"}],"wp:attachment":[{"href":"https:\/\/pro-body.com\/pl\/wp-json\/wp\/v2\/media?parent=78131"}],"wp:term":[{"taxonomy":"product_brand","embeddable":true,"href":"https:\/\/pro-body.com\/pl\/wp-json\/wp\/v2\/product_brand?post=78131"},{"taxonomy":"product_cat","embeddable":true,"href":"https:\/\/pro-body.com\/pl\/wp-json\/wp\/v2\/product_cat?post=78131"},{"taxonomy":"product_tag","embeddable":true,"href":"https:\/\/pro-body.com\/pl\/wp-json\/wp\/v2\/product_tag?post=78131"}],"curies":[{"name":"wp","href":"https:\/\/api.w.org\/{rel}","templated":true}]}}