{"id":78168,"date":"2025-01-27T10:28:37","date_gmt":"2025-01-27T09:28:37","guid":{"rendered":"https:\/\/pro-body.com\/pl\/?post_type=product&#038;p=78168"},"modified":"2025-11-23T10:19:18","modified_gmt":"2025-11-23T09:19:18","slug":"epithalon-10-mg-41-gratis","status":"publish","type":"product","link":"https:\/\/pro-body.com\/pl\/produkt\/epithalon-10-mg-41-gratis\/","title":{"rendered":"EPITHALON 10 mg 4+1 GRATIS"},"content":{"rendered":"<p><span style=\"font-weight: 400;\"><strong>Epithalon<\/strong> 10 mg to innowacyjny peptyd, kt\u00f3ry zdobywa coraz wi\u0119ksz\u0105 popularno\u015b\u0107 w medycynie i suplementacji. Ten wyj\u0105tkowy zwi\u0105zek dzia\u0142a jako regulator telomerazy \u2013 enzymu odpowiedzialnego za ochron\u0119 i regeneracj\u0119 telomer\u00f3w, kt\u00f3re s\u0105 kluczowe dla proces\u00f3w starzenia si\u0119 organizmu. Dzi\u0119ki temu Epithalon mo\u017ce wspiera\u0107 <\/span><strong>wyd\u0142u\u017cenie \u017cycia kom\u00f3rek<\/strong><span style=\"font-weight: 400;\">, poprawia\u0107 ich regeneracj\u0119 i wspomaga\u0107 og\u00f3lne funkcje organizmu. Teraz w promocji 5 sztuk!<\/span><\/p>\n<p><img fetchpriority=\"high\" decoding=\"async\" class=\"aligncenter wp-image-81573 size-full\" src=\"https:\/\/pro-body.com\/pl\/wp-content\/uploads\/2025\/01\/epithalon-10mg.png\" alt=\"epithalon 10 mg peptydy na regeneracj\u0119\" width=\"1300\" height=\"500\" srcset=\"https:\/\/pro-body.com\/pl\/wp-content\/uploads\/2025\/01\/epithalon-10mg.png 1300w, https:\/\/pro-body.com\/pl\/wp-content\/uploads\/2025\/01\/epithalon-10mg-300x115.png 300w, https:\/\/pro-body.com\/pl\/wp-content\/uploads\/2025\/01\/epithalon-10mg-1024x394.png 1024w, https:\/\/pro-body.com\/pl\/wp-content\/uploads\/2025\/01\/epithalon-10mg-768x295.png 768w, https:\/\/pro-body.com\/pl\/wp-content\/uploads\/2025\/01\/epithalon-10mg-1000x385.png 1000w, https:\/\/pro-body.com\/pl\/wp-content\/uploads\/2025\/01\/epithalon-10mg-64x25.png 64w\" sizes=\"(max-width: 1300px) 100vw, 1300px\" \/><\/p>\n","protected":false},"excerpt":{"rendered":"<p data-pm-slice=\"1 1 []\">W \u015bwiecie biohackingu i nowoczesnej medycyny regeneracyjnej <strong>Epithalon<\/strong> zyska\u0142 miano jednego z najbardziej obiecuj\u0105cych peptyd\u00f3w wspieraj\u0105cych <strong>d\u0142ugowieczno\u015b\u0107, regeneracj\u0119 organizmu oraz popraw\u0119 funkcji kom\u00f3rkowych<\/strong>. To syntetyczny analog epitalaminy \u2013 naturalnego bia\u0142ka wytwarzanego przez szyszynk\u0119, kt\u00f3re wp\u0142ywa na <strong>produkcj\u0119 telomerazy<\/strong>, enzymu odpowiedzialnego za ochron\u0119 i regeneracj\u0119 telomer\u00f3w w DNA. Im d\u0142u\u017csze telomery, tym wi\u0119ksza zdolno\u015b\u0107 organizmu do <strong>zachowania m\u0142odo\u015bci i zdrowia<\/strong>.<\/p>\n<p><strong>Zam\u00f3w Peptyd Epithalon 10 mg ju\u017c dzi\u015b i zadbaj o optymalne funkcjonowanie swojego organizmu!<\/strong><\/p>\n","protected":false},"featured_media":78169,"comment_status":"open","ping_status":"closed","template":"","meta":{"_acf_changed":false,"site-sidebar-layout":"default","site-content-layout":"","ast-site-content-layout":"default","site-content-style":"default","site-sidebar-style":"default","ast-global-header-display":"","ast-banner-title-visibility":"","ast-main-header-display":"","ast-hfb-above-header-display":"","ast-hfb-below-header-display":"","ast-hfb-mobile-header-display":"","site-post-title":"","ast-breadcrumbs-content":"","ast-featured-img":"","footer-sml-layout":"","theme-transparent-header-meta":"default","adv-header-id-meta":"","stick-header-meta":"","header-above-stick-meta":"","header-main-stick-meta":"","header-below-stick-meta":"","astra-migrate-meta-layouts":"set"},"product_brand":[],"product_cat":[15,96,117,47,58,53,52,49,68],"product_tag":[],"class_list":{"0":"post-78168","1":"product","2":"type-product","3":"status-publish","4":"has-post-thumbnail","6":"product_cat-bez-kategorii","7":"product_cat-peptydy-iniekcyjne","8":"product_cat-nowosc","9":"product_cat-peptydy","10":"product_cat-peptydy-na-odpornosc","11":"product_cat-peptydy-na-poprawe-samopoczucia","12":"product_cat-peptydy-na-regeneracje","13":"product_cat-peptydy-na-sen","14":"product_cat-zestawy","15":"desktop-align-center","16":"tablet-align-left","17":"mobile-align-left","19":"first","20":"instock","21":"sale","22":"taxable","23":"shipping-taxable","24":"purchasable","25":"product-type-simple"},"acf":[],"aioseo_notices":[],"_links":{"self":[{"href":"https:\/\/pro-body.com\/pl\/wp-json\/wp\/v2\/product\/78168","targetHints":{"allow":["GET"]}}],"collection":[{"href":"https:\/\/pro-body.com\/pl\/wp-json\/wp\/v2\/product"}],"about":[{"href":"https:\/\/pro-body.com\/pl\/wp-json\/wp\/v2\/types\/product"}],"replies":[{"embeddable":true,"href":"https:\/\/pro-body.com\/pl\/wp-json\/wp\/v2\/comments?post=78168"}],"wp:featuredmedia":[{"embeddable":true,"href":"https:\/\/pro-body.com\/pl\/wp-json\/wp\/v2\/media\/78169"}],"wp:attachment":[{"href":"https:\/\/pro-body.com\/pl\/wp-json\/wp\/v2\/media?parent=78168"}],"wp:term":[{"taxonomy":"product_brand","embeddable":true,"href":"https:\/\/pro-body.com\/pl\/wp-json\/wp\/v2\/product_brand?post=78168"},{"taxonomy":"product_cat","embeddable":true,"href":"https:\/\/pro-body.com\/pl\/wp-json\/wp\/v2\/product_cat?post=78168"},{"taxonomy":"product_tag","embeddable":true,"href":"https:\/\/pro-body.com\/pl\/wp-json\/wp\/v2\/product_tag?post=78168"}],"curies":[{"name":"wp","href":"https:\/\/api.w.org\/{rel}","templated":true}]}}