{"id":81197,"date":"2025-02-02T10:26:23","date_gmt":"2025-02-02T09:26:23","guid":{"rendered":"https:\/\/pro-body.com\/pl\/?post_type=product&#038;p=81197"},"modified":"2025-03-22T08:49:00","modified_gmt":"2025-03-22T07:49:00","slug":"ara-290-5mg","status":"publish","type":"product","link":"https:\/\/pro-body.com\/pl\/produkt\/ara-290-5mg\/","title":{"rendered":"ARA-290 5mg"},"content":{"rendered":"<p><b>ARA-290<\/b><span style=\"font-weight: 400;\"> jest niewielk\u0105 cz\u0105steczk\u0105 peptydow\u0105 pochodz\u0105c\u0105 z modyfikacji <\/span><b>erytropoetyny (EPO)<\/b><span style=\"font-weight: 400;\"> \u2013 hormonu odpowiedzialnego za regulacj\u0119 wytwarzania czerwonych krwinek (erytrocyt\u00f3w) w organizmie cz\u0142owieka. Mimo \u017ce <\/span><b>EPO<\/b><span style=\"font-weight: 400;\"> jest przede wszystkim kojarzone ze stymulowaniem procesu erytropoezy, naukowcy odkryli, \u017ce zmodyfikowane fragmenty tego hormonu mog\u0105 wywiera\u0107 efekt <\/span><b>przeciwzapalny<\/b><span style=\"font-weight: 400;\"> i <\/span><b>ochronny<\/b><span style=\"font-weight: 400;\"> na tkanki obj\u0119te r\u00f3\u017cnorodnymi procesami chorobowymi.<\/span><\/p>\n<p><img fetchpriority=\"high\" decoding=\"async\" class=\"aligncenter wp-image-81321 size-full\" src=\"https:\/\/pro-body.com\/pl\/wp-content\/uploads\/2025\/02\/fitness-Banner-Landscape.png\" alt=\"ara-290 peptyd na regeneracj\u0119\" width=\"1300\" height=\"500\" srcset=\"https:\/\/pro-body.com\/pl\/wp-content\/uploads\/2025\/02\/fitness-Banner-Landscape.png 1300w, https:\/\/pro-body.com\/pl\/wp-content\/uploads\/2025\/02\/fitness-Banner-Landscape-300x115.png 300w, https:\/\/pro-body.com\/pl\/wp-content\/uploads\/2025\/02\/fitness-Banner-Landscape-1024x394.png 1024w, https:\/\/pro-body.com\/pl\/wp-content\/uploads\/2025\/02\/fitness-Banner-Landscape-768x295.png 768w, https:\/\/pro-body.com\/pl\/wp-content\/uploads\/2025\/02\/fitness-Banner-Landscape-1000x385.png 1000w, https:\/\/pro-body.com\/pl\/wp-content\/uploads\/2025\/02\/fitness-Banner-Landscape-64x25.png 64w\" sizes=\"(max-width: 1300px) 100vw, 1300px\" \/><\/p>\n","protected":false},"excerpt":{"rendered":"<p><strong>Endogenic ARA 290 5 mg<\/strong><span style=\"font-weight: 400;\"> to innowacyjny peptyd, kt\u00f3ry mo\u017ce sta\u0107 si\u0119 doskona\u0142ym sposobem na walk\u0119 z przewlek\u0142ymi b\u00f3lami. To r\u00f3wnie\u017c silne wsparcie dla mi\u0119\u015bni, ale tak\u017ce naturalne dzia\u0142anie przeciwzapalne, kt\u00f3re pomaga w redukcji stan\u00f3w zapalnych powsta\u0142ych po intensywnym wysi\u0142ku. Dzi\u0119ki ARA 290 odzyskasz energi\u0119 i motywacj\u0119 do kolejnych wyzwa\u0144, a Twoje cia\u0142o b\u0119dzie Ci wdzi\u0119czne za szybsz\u0105 regeneracj\u0119. Wypr\u00f3buj peptyd, gdy walczysz z przewlek\u0142ymi b\u00f3lami i odzyskaj ch\u0119\u0107 do mocnych trening\u00f3w!<\/span><\/p>\n","protected":false},"featured_media":81200,"comment_status":"open","ping_status":"closed","template":"","meta":{"_acf_changed":false,"site-sidebar-layout":"default","site-content-layout":"","ast-site-content-layout":"default","site-content-style":"default","site-sidebar-style":"default","ast-global-header-display":"","ast-banner-title-visibility":"","ast-main-header-display":"","ast-hfb-above-header-display":"","ast-hfb-below-header-display":"","ast-hfb-mobile-header-display":"","site-post-title":"","ast-breadcrumbs-content":"","ast-featured-img":"","footer-sml-layout":"","theme-transparent-header-meta":"default","adv-header-id-meta":"","stick-header-meta":"","header-above-stick-meta":"","header-main-stick-meta":"","header-below-stick-meta":"","astra-migrate-meta-layouts":"set"},"product_brand":[],"product_cat":[15,96,117,47,56,52],"product_tag":[],"class_list":{"0":"post-81197","1":"product","2":"type-product","3":"status-publish","4":"has-post-thumbnail","6":"product_cat-bez-kategorii","7":"product_cat-peptydy-iniekcyjne","8":"product_cat-nowosc","9":"product_cat-peptydy","10":"product_cat-peptydy-na-kontuzje","11":"product_cat-peptydy-na-regeneracje","12":"desktop-align-center","13":"tablet-align-left","14":"mobile-align-left","16":"first","17":"instock","18":"sale","19":"taxable","20":"shipping-taxable","21":"purchasable","22":"product-type-simple"},"acf":[],"aioseo_notices":[],"_links":{"self":[{"href":"https:\/\/pro-body.com\/pl\/wp-json\/wp\/v2\/product\/81197","targetHints":{"allow":["GET"]}}],"collection":[{"href":"https:\/\/pro-body.com\/pl\/wp-json\/wp\/v2\/product"}],"about":[{"href":"https:\/\/pro-body.com\/pl\/wp-json\/wp\/v2\/types\/product"}],"replies":[{"embeddable":true,"href":"https:\/\/pro-body.com\/pl\/wp-json\/wp\/v2\/comments?post=81197"}],"wp:featuredmedia":[{"embeddable":true,"href":"https:\/\/pro-body.com\/pl\/wp-json\/wp\/v2\/media\/81200"}],"wp:attachment":[{"href":"https:\/\/pro-body.com\/pl\/wp-json\/wp\/v2\/media?parent=81197"}],"wp:term":[{"taxonomy":"product_brand","embeddable":true,"href":"https:\/\/pro-body.com\/pl\/wp-json\/wp\/v2\/product_brand?post=81197"},{"taxonomy":"product_cat","embeddable":true,"href":"https:\/\/pro-body.com\/pl\/wp-json\/wp\/v2\/product_cat?post=81197"},{"taxonomy":"product_tag","embeddable":true,"href":"https:\/\/pro-body.com\/pl\/wp-json\/wp\/v2\/product_tag?post=81197"}],"curies":[{"name":"wp","href":"https:\/\/api.w.org\/{rel}","templated":true}]}}